{"id":753232,"date":"2022-05-02T06:20:54","date_gmt":"2022-05-02T06:20:54","guid":{"rendered":"https:\/\/cryptoloot.casino\/?page_id=753232"},"modified":"2022-11-22T06:33:26","modified_gmt":"2022-11-22T06:33:26","slug":"live-dealer","status":"publish","type":"page","link":"https:\/\/demo.urgentgames.com\/tr\/live-dealer\/","title":{"rendered":"canl\u0131 kumarhane"},"content":{"rendered":"","protected":false},"excerpt":{"rendered":"","protected":false},"author":2,"featured_media":0,"parent":0,"menu_order":0,"comment_status":"closed","ping_status":"closed","template":"live-dealer.php","meta":{"_acf_changed":false,"footnotes":""},"class_list":["post-753232","page","type-page","status-publish","hentry"],"acf":[],"yoast_head":"<!-- This site is optimized with the Yoast SEO plugin v27.3 - https:\/\/yoast.com\/product\/yoast-seo-wordpress\/ -->\n<title>Live Casino - Demo Casino<\/title>\n<meta name=\"robots\" content=\"noindex, follow, max-snippet:-1, max-image-preview:large, max-video-preview:-1\" \/>\n<meta property=\"og:locale\" content=\"tr_TR\" \/>\n<meta property=\"og:type\" content=\"article\" \/>\n<meta property=\"og:title\" content=\"Live Casino - Demo Casino\" \/>\n<meta property=\"og:url\" content=\"https:\/\/demo.urgentgames.com\/tr\/live-dealer\/\" \/>\n<meta property=\"og:site_name\" content=\"Demo Casino\" \/>\n<meta property=\"article:modified_time\" content=\"2022-11-22T06:33:26+00:00\" \/>\n<meta name=\"twitter:card\" content=\"summary_large_image\" \/>\n<script type=\"application\/ld+json\" class=\"yoast-schema-graph\">{\"@context\":\"https:\\\/\\\/schema.org\",\"@graph\":[{\"@type\":\"WebPage\",\"@id\":\"https:\\\/\\\/demo.urgentgames.com\\\/live-dealer\\\/\",\"url\":\"https:\\\/\\\/demo.urgentgames.com\\\/live-dealer\\\/\",\"name\":\"Live Casino - Demo Casino\",\"isPartOf\":{\"@id\":\"https:\\\/\\\/demo.urgentgames.com\\\/#website\"},\"datePublished\":\"2022-05-02T06:20:54+00:00\",\"dateModified\":\"2022-11-22T06:33:26+00:00\",\"breadcrumb\":{\"@id\":\"https:\\\/\\\/demo.urgentgames.com\\\/live-dealer\\\/#breadcrumb\"},\"inLanguage\":\"tr\",\"potentialAction\":[{\"@type\":\"ReadAction\",\"target\":[\"https:\\\/\\\/demo.urgentgames.com\\\/live-dealer\\\/\"]}]},{\"@type\":\"BreadcrumbList\",\"@id\":\"https:\\\/\\\/demo.urgentgames.com\\\/live-dealer\\\/#breadcrumb\",\"itemListElement\":[{\"@type\":\"ListItem\",\"position\":1,\"name\":\"Home\",\"item\":\"https:\\\/\\\/demo.urgentgames.com\\\/\"},{\"@type\":\"ListItem\",\"position\":2,\"name\":\"Live Casino\"}]},{\"@type\":\"WebSite\",\"@id\":\"https:\\\/\\\/demo.urgentgames.com\\\/#website\",\"url\":\"https:\\\/\\\/demo.urgentgames.com\\\/\",\"name\":\"Demo Casino\",\"description\":\"Best Online Crypto Casino\",\"potentialAction\":[{\"@type\":\"SearchAction\",\"target\":{\"@type\":\"EntryPoint\",\"urlTemplate\":\"https:\\\/\\\/demo.urgentgames.com\\\/?s={search_term_string}\"},\"query-input\":{\"@type\":\"PropertyValueSpecification\",\"valueRequired\":true,\"valueName\":\"search_term_string\"}}],\"inLanguage\":\"tr\"}]}<\/script>\n<!-- \/ Yoast SEO plugin. -->","yoast_head_json":{"title":"Canl\u0131 Casino - Demo Casino","robots":{"index":"noindex","follow":"follow","max-snippet":"max-snippet:-1","max-image-preview":"max-image-preview:large","max-video-preview":"max-video-preview:-1"},"og_locale":"tr_TR","og_type":"article","og_title":"Live Casino - Demo Casino","og_url":"https:\/\/demo.urgentgames.com\/tr\/live-dealer\/","og_site_name":"Demo Casino","article_modified_time":"2022-11-22T06:33:26+00:00","twitter_card":"summary_large_image","schema":{"@context":"https:\/\/schema.org","@graph":[{"@type":"WebPage","@id":"https:\/\/demo.urgentgames.com\/live-dealer\/","url":"https:\/\/demo.urgentgames.com\/live-dealer\/","name":"Canl\u0131 Casino - Demo Casino","isPartOf":{"@id":"https:\/\/demo.urgentgames.com\/#website"},"datePublished":"2022-05-02T06:20:54+00:00","dateModified":"2022-11-22T06:33:26+00:00","breadcrumb":{"@id":"https:\/\/demo.urgentgames.com\/live-dealer\/#breadcrumb"},"inLanguage":"tr","potentialAction":[{"@type":"ReadAction","target":["https:\/\/demo.urgentgames.com\/live-dealer\/"]}]},{"@type":"BreadcrumbList","@id":"https:\/\/demo.urgentgames.com\/live-dealer\/#breadcrumb","itemListElement":[{"@type":"ListItem","position":1,"name":"Home","item":"https:\/\/demo.urgentgames.com\/"},{"@type":"ListItem","position":2,"name":"Live Casino"}]},{"@type":"WebSite","@id":"https:\/\/demo.urgentgames.com\/#website","url":"https:\/\/demo.urgentgames.com\/","name":"demo kumarhane","description":"En \u0130yi \u00c7evrimi\u00e7i Kripto Kumarhanesi","potentialAction":[{"@type":"SearchAction","target":{"@type":"EntryPoint","urlTemplate":"https:\/\/demo.urgentgames.com\/?s={search_term_string}"},"query-input":{"@type":"PropertyValueSpecification","valueRequired":true,"valueName":"search_term_string"}}],"inLanguage":"tr"}]}},"_links":{"self":[{"href":"https:\/\/demo.urgentgames.com\/tr\/wp-json\/wp\/v2\/pages\/753232","targetHints":{"allow":["GET"]}}],"collection":[{"href":"https:\/\/demo.urgentgames.com\/tr\/wp-json\/wp\/v2\/pages"}],"about":[{"href":"https:\/\/demo.urgentgames.com\/tr\/wp-json\/wp\/v2\/types\/page"}],"author":[{"embeddable":true,"href":"https:\/\/demo.urgentgames.com\/tr\/wp-json\/wp\/v2\/users\/2"}],"replies":[{"embeddable":true,"href":"https:\/\/demo.urgentgames.com\/tr\/wp-json\/wp\/v2\/comments?post=753232"}],"version-history":[{"count":1,"href":"https:\/\/demo.urgentgames.com\/tr\/wp-json\/wp\/v2\/pages\/753232\/revisions"}],"predecessor-version":[{"id":753486,"href":"https:\/\/demo.urgentgames.com\/tr\/wp-json\/wp\/v2\/pages\/753232\/revisions\/753486"}],"wp:attachment":[{"href":"https:\/\/demo.urgentgames.com\/tr\/wp-json\/wp\/v2\/media?parent=753232"}],"curies":[{"name":"wp","href":"https:\/\/api.w.org\/{rel}","templated":true}]}}