{"id":752868,"date":"2021-08-20T05:12:32","date_gmt":"2021-08-20T05:12:32","guid":{"rendered":"https:\/\/sway7.com\/?page_id=752868"},"modified":"2022-03-02T05:51:34","modified_gmt":"2022-03-02T05:51:34","slug":"welcome-bonus","status":"publish","type":"page","link":"https:\/\/demo.urgentgames.com\/pt\/welcome-bonus\/","title":{"rendered":"B\u00f4nus de Dep\u00f3sito"},"content":{"rendered":"","protected":false},"excerpt":{"rendered":"","protected":false},"author":1,"featured_media":0,"parent":0,"menu_order":0,"comment_status":"closed","ping_status":"closed","template":"welcome-bonus.php","meta":{"_acf_changed":false,"footnotes":""},"class_list":["post-752868","page","type-page","status-publish","hentry"],"acf":[],"yoast_head":"<!-- This site is optimized with the Yoast SEO plugin v27.3 - https:\/\/yoast.com\/product\/yoast-seo-wordpress\/ -->\n<title>Sway7 Casino 100% Deposit Bonus<\/title>\n<meta name=\"description\" content=\"Claim your 100% Deposit bonus in our casino!\" \/>\n<meta name=\"robots\" content=\"noindex, follow, max-snippet:-1, max-image-preview:large, max-video-preview:-1\" \/>\n<meta property=\"og:locale\" content=\"pt_PT\" \/>\n<meta property=\"og:type\" content=\"article\" \/>\n<meta property=\"og:title\" content=\"Sway7 Casino 100% Deposit Bonus\" \/>\n<meta property=\"og:description\" content=\"Claim your 100% Deposit bonus in our casino!\" \/>\n<meta property=\"og:url\" content=\"https:\/\/demo.urgentgames.com\/pt\/welcome-bonus\/\" \/>\n<meta property=\"og:site_name\" content=\"Demo Casino\" \/>\n<meta property=\"article:modified_time\" content=\"2022-03-02T05:51:34+00:00\" \/>\n<meta name=\"twitter:card\" content=\"summary_large_image\" \/>\n<script type=\"application\/ld+json\" class=\"yoast-schema-graph\">{\"@context\":\"https:\\\/\\\/schema.org\",\"@graph\":[{\"@type\":\"WebPage\",\"@id\":\"https:\\\/\\\/demo.urgentgames.com\\\/welcome-bonus\\\/\",\"url\":\"https:\\\/\\\/demo.urgentgames.com\\\/welcome-bonus\\\/\",\"name\":\"Sway7 Casino 100% Deposit Bonus\",\"isPartOf\":{\"@id\":\"https:\\\/\\\/demo.urgentgames.com\\\/#website\"},\"datePublished\":\"2021-08-20T05:12:32+00:00\",\"dateModified\":\"2022-03-02T05:51:34+00:00\",\"description\":\"Claim your 100% Deposit bonus in our casino!\",\"breadcrumb\":{\"@id\":\"https:\\\/\\\/demo.urgentgames.com\\\/welcome-bonus\\\/#breadcrumb\"},\"inLanguage\":\"pt-PT\",\"potentialAction\":[{\"@type\":\"ReadAction\",\"target\":[\"https:\\\/\\\/demo.urgentgames.com\\\/welcome-bonus\\\/\"]}]},{\"@type\":\"BreadcrumbList\",\"@id\":\"https:\\\/\\\/demo.urgentgames.com\\\/welcome-bonus\\\/#breadcrumb\",\"itemListElement\":[{\"@type\":\"ListItem\",\"position\":1,\"name\":\"Home\",\"item\":\"https:\\\/\\\/demo.urgentgames.com\\\/\"},{\"@type\":\"ListItem\",\"position\":2,\"name\":\"Deposit Bonus\"}]},{\"@type\":\"WebSite\",\"@id\":\"https:\\\/\\\/demo.urgentgames.com\\\/#website\",\"url\":\"https:\\\/\\\/demo.urgentgames.com\\\/\",\"name\":\"Demo Casino\",\"description\":\"Best Online Crypto Casino\",\"potentialAction\":[{\"@type\":\"SearchAction\",\"target\":{\"@type\":\"EntryPoint\",\"urlTemplate\":\"https:\\\/\\\/demo.urgentgames.com\\\/?s={search_term_string}\"},\"query-input\":{\"@type\":\"PropertyValueSpecification\",\"valueRequired\":true,\"valueName\":\"search_term_string\"}}],\"inLanguage\":\"pt-PT\"}]}<\/script>\n<!-- \/ Yoast SEO plugin. -->","yoast_head_json":{"title":"Sway7 Casino 100% B\u00f4nus de Dep\u00f3sito","description":"Reivindique seu b\u00f4nus de dep\u00f3sito 100% em nosso cassino!","robots":{"index":"noindex","follow":"follow","max-snippet":"max-snippet:-1","max-image-preview":"max-image-preview:large","max-video-preview":"max-video-preview:-1"},"og_locale":"pt_PT","og_type":"article","og_title":"Sway7 Casino 100% Deposit Bonus","og_description":"Claim your 100% Deposit bonus in our casino!","og_url":"https:\/\/demo.urgentgames.com\/pt\/welcome-bonus\/","og_site_name":"Demo Casino","article_modified_time":"2022-03-02T05:51:34+00:00","twitter_card":"summary_large_image","schema":{"@context":"https:\/\/schema.org","@graph":[{"@type":"WebPage","@id":"https:\/\/demo.urgentgames.com\/welcome-bonus\/","url":"https:\/\/demo.urgentgames.com\/welcome-bonus\/","name":"Sway7 Casino 100% B\u00f4nus de Dep\u00f3sito","isPartOf":{"@id":"https:\/\/demo.urgentgames.com\/#website"},"datePublished":"2021-08-20T05:12:32+00:00","dateModified":"2022-03-02T05:51:34+00:00","description":"Reivindique seu b\u00f4nus de dep\u00f3sito 100% em nosso cassino!","breadcrumb":{"@id":"https:\/\/demo.urgentgames.com\/welcome-bonus\/#breadcrumb"},"inLanguage":"pt-PT","potentialAction":[{"@type":"ReadAction","target":["https:\/\/demo.urgentgames.com\/welcome-bonus\/"]}]},{"@type":"BreadcrumbList","@id":"https:\/\/demo.urgentgames.com\/welcome-bonus\/#breadcrumb","itemListElement":[{"@type":"ListItem","position":1,"name":"Home","item":"https:\/\/demo.urgentgames.com\/"},{"@type":"ListItem","position":2,"name":"Deposit Bonus"}]},{"@type":"WebSite","@id":"https:\/\/demo.urgentgames.com\/#website","url":"https:\/\/demo.urgentgames.com\/","name":"Cassino de demonstra\u00e7\u00e3o","description":"Melhor Cripto Cassino Online","potentialAction":[{"@type":"SearchAction","target":{"@type":"EntryPoint","urlTemplate":"https:\/\/demo.urgentgames.com\/?s={search_term_string}"},"query-input":{"@type":"PropertyValueSpecification","valueRequired":true,"valueName":"search_term_string"}}],"inLanguage":"pt-PT"}]}},"_links":{"self":[{"href":"https:\/\/demo.urgentgames.com\/pt\/wp-json\/wp\/v2\/pages\/752868","targetHints":{"allow":["GET"]}}],"collection":[{"href":"https:\/\/demo.urgentgames.com\/pt\/wp-json\/wp\/v2\/pages"}],"about":[{"href":"https:\/\/demo.urgentgames.com\/pt\/wp-json\/wp\/v2\/types\/page"}],"author":[{"embeddable":true,"href":"https:\/\/demo.urgentgames.com\/pt\/wp-json\/wp\/v2\/users\/1"}],"replies":[{"embeddable":true,"href":"https:\/\/demo.urgentgames.com\/pt\/wp-json\/wp\/v2\/comments?post=752868"}],"version-history":[{"count":0,"href":"https:\/\/demo.urgentgames.com\/pt\/wp-json\/wp\/v2\/pages\/752868\/revisions"}],"wp:attachment":[{"href":"https:\/\/demo.urgentgames.com\/pt\/wp-json\/wp\/v2\/media?parent=752868"}],"curies":[{"name":"wp","href":"https:\/\/api.w.org\/{rel}","templated":true}]}}