{"id":752886,"date":"2021-08-25T14:45:40","date_gmt":"2021-08-25T14:45:40","guid":{"rendered":"https:\/\/sway7.com\/?page_id=752886"},"modified":"2022-12-20T09:39:37","modified_gmt":"2022-12-20T09:39:37","slug":"main-page","status":"publish","type":"page","link":"https:\/\/demo.urgentgames.com\/fr\/","title":{"rendered":"Page d&#039;accueil"},"content":{"rendered":"","protected":false},"excerpt":{"rendered":"","protected":false},"author":1,"featured_media":0,"parent":0,"menu_order":0,"comment_status":"closed","ping_status":"closed","template":"main-page.php","meta":{"_acf_changed":false,"footnotes":""},"class_list":["post-752886","page","type-page","status-publish","hentry"],"acf":[],"yoast_head":"<!-- This site is optimized with the Yoast SEO plugin v27.3 - https:\/\/yoast.com\/product\/yoast-seo-wordpress\/ -->\n<title>Main Page - Crypto - Bitcoin Casino<\/title>\n<meta name=\"description\" content=\"Changing the gaming industry featuring crypto deposits, Sway7 is on the cutting edge of online casino action. Come join the fun and take advantage of one of our many bonuses. New games added frequently.\" \/>\n<meta name=\"robots\" content=\"noindex, follow, max-snippet:-1, max-image-preview:large, max-video-preview:-1\" \/>\n<meta property=\"og:locale\" content=\"fr_FR\" \/>\n<meta property=\"og:type\" content=\"article\" \/>\n<meta property=\"og:title\" content=\"Main Page - Crypto - Bitcoin Casino\" \/>\n<meta property=\"og:description\" content=\"Changing the gaming industry featuring crypto deposits, Sway7 is on the cutting edge of online casino action. Come join the fun and take advantage of one of our many bonuses. New games added frequently.\" \/>\n<meta property=\"og:url\" content=\"https:\/\/demo.urgentgames.com\/fr\/\" \/>\n<meta property=\"og:site_name\" content=\"Demo Casino\" \/>\n<meta property=\"article:modified_time\" content=\"2022-12-20T09:39:37+00:00\" \/>\n<meta name=\"twitter:card\" content=\"summary_large_image\" \/>\n<script type=\"application\/ld+json\" class=\"yoast-schema-graph\">{\"@context\":\"https:\\\/\\\/schema.org\",\"@graph\":[{\"@type\":\"WebPage\",\"@id\":\"https:\\\/\\\/demo.urgentgames.com\\\/\",\"url\":\"https:\\\/\\\/demo.urgentgames.com\\\/\",\"name\":\"Main Page - Crypto - Bitcoin Casino\",\"isPartOf\":{\"@id\":\"https:\\\/\\\/demo.urgentgames.com\\\/#website\"},\"datePublished\":\"2021-08-25T14:45:40+00:00\",\"dateModified\":\"2022-12-20T09:39:37+00:00\",\"description\":\"Changing the gaming industry featuring crypto deposits, Sway7 is on the cutting edge of online casino action. Come join the fun and take advantage of one of our many bonuses. New games added frequently.\",\"breadcrumb\":{\"@id\":\"https:\\\/\\\/demo.urgentgames.com\\\/#breadcrumb\"},\"inLanguage\":\"fr-FR\",\"potentialAction\":[{\"@type\":\"ReadAction\",\"target\":[\"https:\\\/\\\/demo.urgentgames.com\\\/\"]}]},{\"@type\":\"BreadcrumbList\",\"@id\":\"https:\\\/\\\/demo.urgentgames.com\\\/#breadcrumb\",\"itemListElement\":[{\"@type\":\"ListItem\",\"position\":1,\"name\":\"Home\",\"item\":\"https:\\\/\\\/demo.urgentgames.com\\\/\"},{\"@type\":\"ListItem\",\"position\":2,\"name\":\"Main Page\"}]},{\"@type\":\"WebSite\",\"@id\":\"https:\\\/\\\/demo.urgentgames.com\\\/#website\",\"url\":\"https:\\\/\\\/demo.urgentgames.com\\\/\",\"name\":\"Demo Casino\",\"description\":\"Best Online Crypto Casino\",\"potentialAction\":[{\"@type\":\"SearchAction\",\"target\":{\"@type\":\"EntryPoint\",\"urlTemplate\":\"https:\\\/\\\/demo.urgentgames.com\\\/?s={search_term_string}\"},\"query-input\":{\"@type\":\"PropertyValueSpecification\",\"valueRequired\":true,\"valueName\":\"search_term_string\"}}],\"inLanguage\":\"fr-FR\"}]}<\/script>\n<!-- \/ Yoast SEO plugin. -->","yoast_head_json":{"title":"Page principale - Crypto - Bitcoin Casino","description":"Changeant l&#039;industrie du jeu avec des d\u00e9p\u00f4ts cryptographiques, Sway7 est \u00e0 la pointe de l&#039;action de casino en ligne. Venez vous amuser et profitez de l&#039;un de nos nombreux bonus. Nouveaux jeux ajout\u00e9s fr\u00e9quemment.","robots":{"index":"noindex","follow":"follow","max-snippet":"max-snippet:-1","max-image-preview":"max-image-preview:large","max-video-preview":"max-video-preview:-1"},"og_locale":"fr_FR","og_type":"article","og_title":"Main Page - Crypto - Bitcoin Casino","og_description":"Changing the gaming industry featuring crypto deposits, Sway7 is on the cutting edge of online casino action. Come join the fun and take advantage of one of our many bonuses. New games added frequently.","og_url":"https:\/\/demo.urgentgames.com\/fr\/","og_site_name":"Demo Casino","article_modified_time":"2022-12-20T09:39:37+00:00","twitter_card":"summary_large_image","schema":{"@context":"https:\/\/schema.org","@graph":[{"@type":"WebPage","@id":"https:\/\/demo.urgentgames.com\/","url":"https:\/\/demo.urgentgames.com\/","name":"Page principale - Crypto - Bitcoin Casino","isPartOf":{"@id":"https:\/\/demo.urgentgames.com\/#website"},"datePublished":"2021-08-25T14:45:40+00:00","dateModified":"2022-12-20T09:39:37+00:00","description":"Changeant l&#039;industrie du jeu avec des d\u00e9p\u00f4ts cryptographiques, Sway7 est \u00e0 la pointe de l&#039;action de casino en ligne. Venez vous amuser et profitez de l&#039;un de nos nombreux bonus. Nouveaux jeux ajout\u00e9s fr\u00e9quemment.","breadcrumb":{"@id":"https:\/\/demo.urgentgames.com\/#breadcrumb"},"inLanguage":"fr-FR","potentialAction":[{"@type":"ReadAction","target":["https:\/\/demo.urgentgames.com\/"]}]},{"@type":"BreadcrumbList","@id":"https:\/\/demo.urgentgames.com\/#breadcrumb","itemListElement":[{"@type":"ListItem","position":1,"name":"Home","item":"https:\/\/demo.urgentgames.com\/"},{"@type":"ListItem","position":2,"name":"Main Page"}]},{"@type":"WebSite","@id":"https:\/\/demo.urgentgames.com\/#website","url":"https:\/\/demo.urgentgames.com\/","name":"D\u00e9mo Casino","description":"Meilleur casino crypto en ligne","potentialAction":[{"@type":"SearchAction","target":{"@type":"EntryPoint","urlTemplate":"https:\/\/demo.urgentgames.com\/?s={search_term_string}"},"query-input":{"@type":"PropertyValueSpecification","valueRequired":true,"valueName":"search_term_string"}}],"inLanguage":"fr-FR"}]}},"_links":{"self":[{"href":"https:\/\/demo.urgentgames.com\/fr\/wp-json\/wp\/v2\/pages\/752886","targetHints":{"allow":["GET"]}}],"collection":[{"href":"https:\/\/demo.urgentgames.com\/fr\/wp-json\/wp\/v2\/pages"}],"about":[{"href":"https:\/\/demo.urgentgames.com\/fr\/wp-json\/wp\/v2\/types\/page"}],"author":[{"embeddable":true,"href":"https:\/\/demo.urgentgames.com\/fr\/wp-json\/wp\/v2\/users\/1"}],"replies":[{"embeddable":true,"href":"https:\/\/demo.urgentgames.com\/fr\/wp-json\/wp\/v2\/comments?post=752886"}],"version-history":[{"count":1,"href":"https:\/\/demo.urgentgames.com\/fr\/wp-json\/wp\/v2\/pages\/752886\/revisions"}],"predecessor-version":[{"id":753517,"href":"https:\/\/demo.urgentgames.com\/fr\/wp-json\/wp\/v2\/pages\/752886\/revisions\/753517"}],"wp:attachment":[{"href":"https:\/\/demo.urgentgames.com\/fr\/wp-json\/wp\/v2\/media?parent=752886"}],"curies":[{"name":"wp","href":"https:\/\/api.w.org\/{rel}","templated":true}]}}