{"id":752886,"date":"2021-08-25T14:45:40","date_gmt":"2021-08-25T14:45:40","guid":{"rendered":"https:\/\/sway7.com\/?page_id=752886"},"modified":"2022-12-20T09:39:37","modified_gmt":"2022-12-20T09:39:37","slug":"main-page","status":"publish","type":"page","link":"https:\/\/demo.urgentgames.com\/es\/","title":{"rendered":"Pagina principal"},"content":{"rendered":"","protected":false},"excerpt":{"rendered":"","protected":false},"author":1,"featured_media":0,"parent":0,"menu_order":0,"comment_status":"closed","ping_status":"closed","template":"main-page.php","meta":{"_acf_changed":false,"footnotes":""},"class_list":["post-752886","page","type-page","status-publish","hentry"],"acf":[],"yoast_head":"<!-- This site is optimized with the Yoast SEO plugin v27.3 - https:\/\/yoast.com\/product\/yoast-seo-wordpress\/ -->\n<title>Main Page - Crypto - Bitcoin Casino<\/title>\n<meta name=\"description\" content=\"Changing the gaming industry featuring crypto deposits, Sway7 is on the cutting edge of online casino action. Come join the fun and take advantage of one of our many bonuses. New games added frequently.\" \/>\n<meta name=\"robots\" content=\"noindex, follow, max-snippet:-1, max-image-preview:large, max-video-preview:-1\" \/>\n<meta property=\"og:locale\" content=\"es_ES\" \/>\n<meta property=\"og:type\" content=\"article\" \/>\n<meta property=\"og:title\" content=\"Main Page - Crypto - Bitcoin Casino\" \/>\n<meta property=\"og:description\" content=\"Changing the gaming industry featuring crypto deposits, Sway7 is on the cutting edge of online casino action. Come join the fun and take advantage of one of our many bonuses. New games added frequently.\" \/>\n<meta property=\"og:url\" content=\"https:\/\/demo.urgentgames.com\/es\/\" \/>\n<meta property=\"og:site_name\" content=\"Demo Casino\" \/>\n<meta property=\"article:modified_time\" content=\"2022-12-20T09:39:37+00:00\" \/>\n<meta name=\"twitter:card\" content=\"summary_large_image\" \/>\n<script type=\"application\/ld+json\" class=\"yoast-schema-graph\">{\"@context\":\"https:\\\/\\\/schema.org\",\"@graph\":[{\"@type\":\"WebPage\",\"@id\":\"https:\\\/\\\/demo.urgentgames.com\\\/\",\"url\":\"https:\\\/\\\/demo.urgentgames.com\\\/\",\"name\":\"Main Page - Crypto - Bitcoin Casino\",\"isPartOf\":{\"@id\":\"https:\\\/\\\/demo.urgentgames.com\\\/#website\"},\"datePublished\":\"2021-08-25T14:45:40+00:00\",\"dateModified\":\"2022-12-20T09:39:37+00:00\",\"description\":\"Changing the gaming industry featuring crypto deposits, Sway7 is on the cutting edge of online casino action. Come join the fun and take advantage of one of our many bonuses. New games added frequently.\",\"breadcrumb\":{\"@id\":\"https:\\\/\\\/demo.urgentgames.com\\\/#breadcrumb\"},\"inLanguage\":\"es\",\"potentialAction\":[{\"@type\":\"ReadAction\",\"target\":[\"https:\\\/\\\/demo.urgentgames.com\\\/\"]}]},{\"@type\":\"BreadcrumbList\",\"@id\":\"https:\\\/\\\/demo.urgentgames.com\\\/#breadcrumb\",\"itemListElement\":[{\"@type\":\"ListItem\",\"position\":1,\"name\":\"Home\",\"item\":\"https:\\\/\\\/demo.urgentgames.com\\\/\"},{\"@type\":\"ListItem\",\"position\":2,\"name\":\"Main Page\"}]},{\"@type\":\"WebSite\",\"@id\":\"https:\\\/\\\/demo.urgentgames.com\\\/#website\",\"url\":\"https:\\\/\\\/demo.urgentgames.com\\\/\",\"name\":\"Demo Casino\",\"description\":\"Best Online Crypto Casino\",\"potentialAction\":[{\"@type\":\"SearchAction\",\"target\":{\"@type\":\"EntryPoint\",\"urlTemplate\":\"https:\\\/\\\/demo.urgentgames.com\\\/?s={search_term_string}\"},\"query-input\":{\"@type\":\"PropertyValueSpecification\",\"valueRequired\":true,\"valueName\":\"search_term_string\"}}],\"inLanguage\":\"es\"}]}<\/script>\n<!-- \/ Yoast SEO plugin. -->","yoast_head_json":{"title":"P\u00e1gina principal - Cripto - Bitcoin Casino","description":"Cambiando la industria del juego con dep\u00f3sitos criptogr\u00e1ficos, Sway7 est\u00e1 a la vanguardia de la acci\u00f3n de los casinos en l\u00ednea. Ven y \u00fanete a la diversi\u00f3n y aprovecha uno de nuestros muchos bonos. Nuevos juegos a\u00f1adidos con frecuencia.","robots":{"index":"noindex","follow":"follow","max-snippet":"max-snippet:-1","max-image-preview":"max-image-preview:large","max-video-preview":"max-video-preview:-1"},"og_locale":"es_ES","og_type":"article","og_title":"Main Page - Crypto - Bitcoin Casino","og_description":"Changing the gaming industry featuring crypto deposits, Sway7 is on the cutting edge of online casino action. Come join the fun and take advantage of one of our many bonuses. New games added frequently.","og_url":"https:\/\/demo.urgentgames.com\/es\/","og_site_name":"Demo Casino","article_modified_time":"2022-12-20T09:39:37+00:00","twitter_card":"summary_large_image","schema":{"@context":"https:\/\/schema.org","@graph":[{"@type":"WebPage","@id":"https:\/\/demo.urgentgames.com\/","url":"https:\/\/demo.urgentgames.com\/","name":"P\u00e1gina principal - Cripto - Bitcoin Casino","isPartOf":{"@id":"https:\/\/demo.urgentgames.com\/#website"},"datePublished":"2021-08-25T14:45:40+00:00","dateModified":"2022-12-20T09:39:37+00:00","description":"Cambiando la industria del juego con dep\u00f3sitos criptogr\u00e1ficos, Sway7 est\u00e1 a la vanguardia de la acci\u00f3n de los casinos en l\u00ednea. Ven y \u00fanete a la diversi\u00f3n y aprovecha uno de nuestros muchos bonos. Nuevos juegos a\u00f1adidos con frecuencia.","breadcrumb":{"@id":"https:\/\/demo.urgentgames.com\/#breadcrumb"},"inLanguage":"es","potentialAction":[{"@type":"ReadAction","target":["https:\/\/demo.urgentgames.com\/"]}]},{"@type":"BreadcrumbList","@id":"https:\/\/demo.urgentgames.com\/#breadcrumb","itemListElement":[{"@type":"ListItem","position":1,"name":"Home","item":"https:\/\/demo.urgentgames.com\/"},{"@type":"ListItem","position":2,"name":"Main Page"}]},{"@type":"WebSite","@id":"https:\/\/demo.urgentgames.com\/#website","url":"https:\/\/demo.urgentgames.com\/","name":"Casino de demostraci\u00f3n","description":"El mejor casino criptogr\u00e1fico en l\u00ednea","potentialAction":[{"@type":"SearchAction","target":{"@type":"EntryPoint","urlTemplate":"https:\/\/demo.urgentgames.com\/?s={search_term_string}"},"query-input":{"@type":"PropertyValueSpecification","valueRequired":true,"valueName":"search_term_string"}}],"inLanguage":"es"}]}},"_links":{"self":[{"href":"https:\/\/demo.urgentgames.com\/es\/wp-json\/wp\/v2\/pages\/752886","targetHints":{"allow":["GET"]}}],"collection":[{"href":"https:\/\/demo.urgentgames.com\/es\/wp-json\/wp\/v2\/pages"}],"about":[{"href":"https:\/\/demo.urgentgames.com\/es\/wp-json\/wp\/v2\/types\/page"}],"author":[{"embeddable":true,"href":"https:\/\/demo.urgentgames.com\/es\/wp-json\/wp\/v2\/users\/1"}],"replies":[{"embeddable":true,"href":"https:\/\/demo.urgentgames.com\/es\/wp-json\/wp\/v2\/comments?post=752886"}],"version-history":[{"count":1,"href":"https:\/\/demo.urgentgames.com\/es\/wp-json\/wp\/v2\/pages\/752886\/revisions"}],"predecessor-version":[{"id":753517,"href":"https:\/\/demo.urgentgames.com\/es\/wp-json\/wp\/v2\/pages\/752886\/revisions\/753517"}],"wp:attachment":[{"href":"https:\/\/demo.urgentgames.com\/es\/wp-json\/wp\/v2\/media?parent=752886"}],"curies":[{"name":"gracias","href":"https:\/\/api.w.org\/{rel}","templated":true}]}}